{"id":3,"date":"2024-09-16T09:34:31","date_gmt":"2024-09-16T09:34:31","guid":{"rendered":"https:\/\/easyarc.it\/?page_id=3"},"modified":"2025-05-06T13:40:11","modified_gmt":"2025-05-06T13:40:11","slug":"privacy-policy","status":"publish","type":"page","link":"https:\/\/easyarc.it\/en\/privacy-policy\/","title":{"rendered":"Privacy Policy"},"content":{"rendered":"<div data-elementor-type=\"wp-page\" data-elementor-id=\"3\" class=\"elementor elementor-3\">\n\t\t\t\t<div class=\"e-con-height-full elementor-element elementor-element-72dd57c8 e-con-full e-flex sc_layouts_column_icons_position_left animation_type_block elementor-invisible e-con e-parent\" data-animation-type=\"block\" data-id=\"72dd57c8\" data-element_type=\"container\" data-e-type=\"container\" data-settings=\"{&quot;background_background&quot;:&quot;classic&quot;,&quot;animation&quot;:&quot;ta_fadein&quot;}\">\n\t\t\t\t<div data-animation-type=\"line\" data-animation-stagger=\"80\" class=\"elementor-element elementor-element-1af0e51c animation_type_line elementor-widget__width-inherit sc_fly_static elementor-invisible elementor-widget elementor-widget-heading\" data-id=\"1af0e51c\" data-element_type=\"widget\" data-e-type=\"widget\" data-settings=\"{&quot;_animation&quot;:&quot;ta_fadeinup&quot;,&quot;_animation_delay&quot;:200}\" data-widget_type=\"heading.default\">\n\t\t\t\t<div class=\"elementor-widget-container\">\n\t\t\t\t\t<h1 class=\"elementor-heading-title elementor-size-default\">Informativa sul trattamento dei dati personali<\/h1>\t\t\t\t<\/div>\n\t\t\t\t<\/div>\n\t\t\t\t<\/div>\n\t\t<div class=\"elementor-element elementor-element-5718cb04 e-flex e-con-boxed sc_layouts_column_icons_position_left e-con e-parent\" data-id=\"5718cb04\" data-element_type=\"container\" data-e-type=\"container\">\n\t\t\t\t\t<div class=\"e-con-inner\">\n\t\t\t\t<div class=\"elementor-element elementor-element-53b852f2 sc_fly_static elementor-widget elementor-widget-text-editor\" data-id=\"53b852f2\" data-element_type=\"widget\" data-e-type=\"widget\" data-widget_type=\"text-editor.default\">\n\t\t\t\t<div class=\"elementor-widget-container\">\n\t\t\t\t\t\t\t\t\t<p>A partire dal 25 maggio 2018 si applicano le nuove regole sulla privacy previste dal Regolamento UE n. 2016\/679 (Regolamento Generale sulla Protezione dei Dati, in seguito GDPR), oltre che da leggi nazionali.<\/p><p>Il GDPR prevede una maggiore tutela degli interessati e impone nuovi obblighi e responsabilit\u00e0 a carico di chi tratta dati personali, anche acquisiti attraverso i siti web.<\/p><p>Un principio fondamentale \u00e8 quello della trasparenza: gli interessati devono sapere in anticipo, in modo chiaro e completo quali informazioni personali saranno raccolte, chi le tratter\u00e0, per quali motivi e per quanto tempo, se saranno utilizzate per scopi commerciali, oppure per scopi di profilazione, se saranno comunicate a terzi, ecc. e poter controllare in modo efficace la gestione dei propri dati.<\/p><p>Questa informativa \u00e8 fornita in conformit\u00e0 all&#8217;articolo 13 del GDPR e si ispira anche alle Linee Guida del Gruppo di lavoro Articolo 29 sulla Trasparenza.<\/p><h2>Dati personali e ruoli del trattamento<\/h2><p>Arroweld Italia S.p.A.\u00a0si impegna a proteggere e rispettare la tua privacy nel rispetto del GDPR 2016\/679. I dati trattati ed i rispettivi ruoli di trattamento sono di seguito specificati.<\/p><h3>Titolare del trattamento<\/h3><p>Arroweld Italia S.p.A. \u00b7 Via Monte Pasubio, 137 \u00b7 36010 \u00b7 Zan\u00e9 (VI) \u00b7 e-mail: privacy@arroweld.com \u00b7 tel: +39 0445 804444 \u00b7 pec: privacy@pec.arroweld.com<\/p><h3>Responsabile del trattamento<\/h3><p>Mirco Giorgio Gasparotto \u00b7 e-mail: privacy@arroweld.com \u00b7 tel: +39 0445 804444 \u00b7 pec: privacy@pec.arroweld.com raggiungibile per ogni comunicazione o richiesta in merito ai propri dati.<\/p><h2>Categorie di dati raccolti e trattati<\/h2><p>I tuoi dati personali raccolti e trattati rientrano in queste categorie:<\/p><ul><li>dati di contatto (nome, cognome, tel, cell, e-mail);<\/li><li>credenziali di accesso a servizi da noi messi a disposizione.<\/li><\/ul><h2>Finalit\u00e0 e base giuridica del trattamento<\/h2><p>I dati da te forniti verranno trattati per le seguenti finalit\u00e0:<\/p><h3>Esecuzione del contratto e obblighi legali<\/h3><p>Al fine di adempiere tutte le obbligazioni deducibili dall&#8217;incarico e gli obblighi legali connessi alla sua esecuzione; in questo caso, la base giuridica del trattamento \u00e8 il contratto stipulato tra te e una delle societ\u00e0 del gruppo Arroweld Italia (vedi sotto l\u2019elenco dei destinatari dei dati) e gli obblighi legali: il trattamento \u00e8 infatti necessario all&#8217;esecuzione del contratto di cui tu come interessato sei parte (art. 6, c. 1 lett. b GDPR).<\/p><h3>Marketing<\/h3><p>Useremo i tuoi dati per finalit\u00e0 commerciali e di marketing. Ti ricordiamo che il consenso \u00e8 totalmente libero e facoltativo.<\/p><p>Tuttavia per poterti contattare utilizzando i tuoi dati abbiamo bisogno di avere il tuo consenso, che potr\u00e0 essere revocato in qualsiasi momento come sotto indicato.<\/p><p>Nello specifico la tua email, i tuoi riferimenti telefonici ed il tuo recapito fisico potranno essere utilizzati da parte del gruppo Arroweld Italia e MEB S.r.l. per l\u2019invio di comunicazioni di tipo commerciale allo scopo di informarti su nuovi servizi, promozioni e per fare una profilazione di natura commerciale in merito alle tue esigenze ed alle tipologie di prodotti e servizi alle quali sei interessato\/a; in questo caso, la base giuridica del trattamento \u00e8 il tuo consenso espresso (art. 6, c. 1 lett. a GDPR).<\/p><h2>Modalit\u00e0 del trattamento<\/h2><p>Il trattamento potr\u00e0 essere effettuato mediante strumenti informatici, elettronici, telematici e\/o manuali e cartacei ed \u00e8 limitato alle operazioni strettamente necessarie alle finalit\u00e0 sopra evidenziate.<\/p><h2>Destinatari dei dati personali<\/h2><p>I dati oggetto di trattamento potranno essere comunicati ai seguenti soggetti:<\/p><ul><li>dipendenti e collaboratori di Arroweld Italia S.p.A. debitamente autorizzati;<\/li><li>le societ\u00e0 del gruppo Arroweld Italia:<ul><li>Arroweld Italia S.p.A. &#8211; partita iva 03354110243<\/li><li>Cenigomma S.r.l. &#8211; partita iva 03712400237<\/li><li>Politecnica Cetai S.r.l. &#8211; partita iva 01295580367<\/li><li>Bisicur S.r.l. &#8211; partita iva 01963850175<\/li><li>Guidetti Technology S.r.l. &#8211; partita iva 03276550369<\/li><li>ST Protect S.p.A. &#8211; partita iva 02372680187<\/li><li>S.C. Isatis &#8211; partita iva RO 10316370<\/li><\/ul><\/li><li>eventuali altre persone fisiche e\/o giuridiche che ci saranno da te indicate per una \u201cinterfaccia dati\u201d nel tuo interesse;<\/li><li>responsabili del trattamento appositamente nominati in forma scritta;<\/li><li>fornitori di servizi informatici:<\/li><li>fornitori di servizi e-mail;<\/li><li>eventuali addetti a occasionali operazioni di manutenzione e riparazione;<\/li><li>fornitori di servizi di connettivit\u00e0 e telefonia;<\/li><li>fornitori di servizi di chat e comunicazione (attualmente Skype, Whatsapp, GMail);<\/li><li>fornitori di servizi di mailing list;<\/li><li>fornitori di servizi e software C.R.M.<\/li><li>fornitori di servizi di trasferimento ed Hosting di file;<\/li><li>fornitori di servizi di assistenza da remoto;<\/li><li>fornitori servizio e software gestionale.<\/li><\/ul><p>I dati non saranno comunicati ad altre categorie di soggetti, n\u00e9 saranno in alcun modo diffusi o resi pubblici, ma potranno essere comunicati alle autorit\u00e0 competenti se previsto dalla normativa vigente o su richiesta di soggetti legittimati, ovvero:<\/p><ul><li>enti pubblici e privati, anche a seguito di ispezioni o verifiche: Agenzia delle Entrate, forze dell\u2019ordine, uffici degli enti locali e altri pubblici uffici;<\/li><li>soggetti che possono accedere ai tuoi dati in forza di disposizioni di legge o di normativa secondaria o comunitaria.<\/li><\/ul><h2>Durata e conservazione dei dati<\/h2><p>I dati di contatto per finalit\u00e0 di marketing, le foto e i video per finalit\u00e0 pubblicitarie verranno utilizzati fino a revoca del relativo consenso rilasciato.<\/p><h2>I tuoi diritti come interessato<\/h2><p>In qualit\u00e0 di interessato, hai tutti i diritti previsti dal GDPR:<\/p><ul><li>Diritto di accesso (art. 15),<\/li><li>Diritto di rettifica (art. 16),<\/li><li>Diritto alla cancellazione (art. 17),<\/li><li>Diritto di limitazione di trattamento (art. 18),<\/li><li>Diritto alla portabilit\u00e0 dei dati (art. 20),<\/li><li>Diritto di opposizione (art. 21).<\/li><\/ul><p>Ti segnaliamo il link alla pagina del sito del garante in cui sono elencati i tuoi diritti: http:\/\/www.garanteprivacy.it\/regolamentoue\/diritti-degli-interessati.<\/p><p>Tutti i diritti descritti sono esercitati con richiesta rivolta senza formalit\u00e0 a:<\/p><p>Arroweld Italia S.p.A.\u00a0\u00b7 Via Monte Pasubio, 137 \u00b7 36010 \u00b7 Zan\u00e9 (VI) \u00b7 e-mail: privacy@arroweld.com \u00b7 tel: +39 0445 804444 \u00b7 pec: privacy@pec.arroweld.com<\/p><p>anche per il tramite di un incaricato, alla quale sar\u00e0 fornito idoneo riscontro senza ritardo.<\/p><h2>Diritto di revocare il consenso<\/h2><p>In qualsiasi momento puoi revocare il consenso al trattamento dei tuoi dati e la revoca ha effetto dal momento in cui ne riceveremo richiesta.<\/p><p>Le modalit\u00e0 di revoca possono essere le medesime con cui hai espresso il consenso o comunque a mezzo e-mail, inviando la revoca al seguente indirizzo: privacy@arroweld.com.<\/p><p>Al ricevimento della comunicazione di revoca in qualsiasi forma essa sia fatta procederemo alla interruzione di ogni trattamento e alla comunicazione ad ogni responsabile o sub responsabile di adeguarsi in tal senso.<\/p><p>Ti ricordiamo che l\u2019eventuale revoca del consenso non pregiudica la liceit\u00e0 del trattamento basata sul consenso prima della revoca.<\/p><h2>Diritto di proporre reclamo a un&#8217;autorit\u00e0 di controllo<\/h2><p>Ogni interessato ha la facolt\u00e0 in caso di violazione consumata a pregiudizio dei propri diritti e delle proprie libert\u00e0 procedere al reclamo da formulare al garante via web attraverso la compilazione dell\u2019apposito modulo, disponibile sul sito www.garanteprivacy.it.<\/p><h2>Obbligatoriet\u00e0 e necessit\u00e0 di comunicare i dati<\/h2><p>Il conferimento dei dati \u00e8 libero e facoltativo, ma il mancato conferimento o il conferimento parziale dei dati potrebbe comportare l\u2019impossibilit\u00e0 da parte nostra di inviarti comunicazioni di natura commerciale che potrebbero essere di tuo interesse.<\/p><h2>Profilazione e processi decisionali automatizzati<\/h2><p>I tuoi dati personali saranno utilizzati per scopi di profilazione di natura commerciale e marketing ed esclusivamente orientati alla comprensione dei suoi interessi sui nostri prodotti e servizi, eventualmente per attivare processi decisionali automatizzati.<\/p><h2>Consenso al trattamento dei dati<\/h2><p>Dopo aver attentamente letto e compreso l&#8217;Informativa per il trattamento dei dati personali, acconsento al trattamento dei miei dati personali comuni, trattati in qualit\u00e0 di titolare, per le sole finalit\u00e0 indicate e limitatamente alle operazioni strettamente necessarie al perseguimento delle finalit\u00e0 stesse, ivi compresa la comunicazione, come specificato nella presente informativa. Sono consapevole che in caso di mancato conferimento di alcuni dati potrebbe non essere possibile il corretto adempimento dell\u2019incarico professionale.<\/p>\t\t\t\t\t\t\t\t<\/div>\n\t\t\t\t<\/div>\n\t\t\t\t<div class=\"elementor-element elementor-element-595d0dc sc_fly_static elementor-widget elementor-widget-html\" data-id=\"595d0dc\" data-element_type=\"widget\" data-e-type=\"widget\" data-widget_type=\"html.default\">\n\t\t\t\t<div class=\"elementor-widget-container\">\n\t\t\t\t\t<style>\n    h2, h3 {\n        color: #fff!important;\n    }\n<\/style>\t\t\t\t<\/div>\n\t\t\t\t<\/div>\n\t\t\t\t\t<\/div>\n\t\t\t\t<\/div>\n\t\t\t\t<\/div>","protected":false},"excerpt":{"rendered":"<p>Informativa sul trattamento dei dati personali A partire dal 25 maggio 2018 si&hellip;<\/p>","protected":false},"author":1,"featured_media":0,"parent":0,"menu_order":0,"comment_status":"closed","ping_status":"open","template":"","meta":{"inline_featured_image":false,"footnotes":""},"class_list":["post-3","page","type-page","status-publish","hentry"],"_links":{"self":[{"href":"https:\/\/easyarc.it\/en\/wp-json\/wp\/v2\/pages\/3","targetHints":{"allow":["GET"]}}],"collection":[{"href":"https:\/\/easyarc.it\/en\/wp-json\/wp\/v2\/pages"}],"about":[{"href":"https:\/\/easyarc.it\/en\/wp-json\/wp\/v2\/types\/page"}],"author":[{"embeddable":true,"href":"https:\/\/easyarc.it\/en\/wp-json\/wp\/v2\/users\/1"}],"replies":[{"embeddable":true,"href":"https:\/\/easyarc.it\/en\/wp-json\/wp\/v2\/comments?post=3"}],"version-history":[{"count":16,"href":"https:\/\/easyarc.it\/en\/wp-json\/wp\/v2\/pages\/3\/revisions"}],"predecessor-version":[{"id":5400,"href":"https:\/\/easyarc.it\/en\/wp-json\/wp\/v2\/pages\/3\/revisions\/5400"}],"wp:attachment":[{"href":"https:\/\/easyarc.it\/en\/wp-json\/wp\/v2\/media?parent=3"}],"curies":[{"name":"wp","href":"https:\/\/api.w.org\/{rel}","templated":true}]}}